{"id":5763,"date":"2025-01-03T01:08:52","date_gmt":"2025-01-03T00:08:52","guid":{"rendered":"https:\/\/monaliya.com\/?page_id=5763"},"modified":"2025-04-06T22:04:28","modified_gmt":"2025-04-06T20:04:28","slug":"partenaires","status":"publish","type":"page","link":"https:\/\/monaliya.com\/?page_id=5763","title":{"rendered":"Partenaires"},"content":{"rendered":"<div class=\"wpb-content-wrapper\"><p>[vc_row][vc_column][vc_empty_space][vc_column_text css=\u00a0\u00bb\u00a0\u00bb]<strong>Comment devenir partenaire ou prestataire certifi\u00e9 ?<\/strong><br \/>\nSi vous \u00eates un prestataire ou une entreprise souhaitant devenir un partenaire certifi\u00e9 sur Monaliya, vous pouvez contacter notre \u00e9quipe \u00e0 <a href=\"mailto:contact@monaliya.com\">contact@monaliya.com<\/a> ou vous inscrire directement sur la plateforme pour plus d&rsquo;informations.<\/p>\n<p>[\/vc_column_text][\/vc_column][\/vc_row][vc_row][vc_column][vc_images_carousel images=\u00a0\u00bb5930,5932&Prime; img_size=\u00a0\u00bblarge\u00a0\u00bb slides_per_view=\u00a0\u00bb2&Prime; css=\u00a0\u00bb\u00a0\u00bb][\/vc_column][\/vc_row]<\/p>\n<\/div>","protected":false},"excerpt":{"rendered":"<p>[vc_row][vc_column][vc_empty_space][vc_column_text css=\u00a0\u00bb\u00a0\u00bb]Comment devenir partenaire ou prestataire certifi\u00e9 ? Si vous \u00eates un prestataire ou une entreprise souhaitant devenir un partenaire certifi\u00e9 sur Monaliya, vous pouvez contacter notre \u00e9quipe \u00e0 contact@monaliya.com ou vous inscrire directement sur la plateforme pour plus d&rsquo;informations. [\/vc_column_text][\/vc_column][\/vc_row][vc_row][vc_column][vc_images_carousel images=\u00a0\u00bb5930,5932&Prime; img_size=\u00a0\u00bblarge\u00a0\u00bb slides_per_view=\u00a0\u00bb2&Prime; css=\u00a0\u00bb\u00a0\u00bb][\/vc_column][\/vc_row]<\/p>\n","protected":false},"author":1,"featured_media":0,"parent":0,"menu_order":0,"comment_status":"closed","ping_status":"closed","template":"","meta":{"om_disable_all_campaigns":false,"_monsterinsights_skip_tracking":false,"_monsterinsights_sitenote_active":false,"_monsterinsights_sitenote_note":"","_monsterinsights_sitenote_category":0,"footnotes":""},"class_list":["post-5763","page","type-page","status-publish","hentry"],"aioseo_notices":[],"_links":{"self":[{"href":"https:\/\/monaliya.com\/index.php?rest_route=\/wp\/v2\/pages\/5763","targetHints":{"allow":["GET"]}}],"collection":[{"href":"https:\/\/monaliya.com\/index.php?rest_route=\/wp\/v2\/pages"}],"about":[{"href":"https:\/\/monaliya.com\/index.php?rest_route=\/wp\/v2\/types\/page"}],"author":[{"embeddable":true,"href":"https:\/\/monaliya.com\/index.php?rest_route=\/wp\/v2\/users\/1"}],"replies":[{"embeddable":true,"href":"https:\/\/monaliya.com\/index.php?rest_route=%2Fwp%2Fv2%2Fcomments&post=5763"}],"version-history":[{"count":8,"href":"https:\/\/monaliya.com\/index.php?rest_route=\/wp\/v2\/pages\/5763\/revisions"}],"predecessor-version":[{"id":6186,"href":"https:\/\/monaliya.com\/index.php?rest_route=\/wp\/v2\/pages\/5763\/revisions\/6186"}],"wp:attachment":[{"href":"https:\/\/monaliya.com\/index.php?rest_route=%2Fwp%2Fv2%2Fmedia&parent=5763"}],"curies":[{"name":"wp","href":"https:\/\/api.w.org\/{rel}","templated":true}]}}