{"id":5755,"date":"2025-01-03T01:05:45","date_gmt":"2025-01-03T00:05:45","guid":{"rendered":"https:\/\/monaliya.com\/?page_id=5755"},"modified":"2025-03-26T11:49:32","modified_gmt":"2025-03-26T10:49:32","slug":"mentions-legales","status":"publish","type":"page","link":"https:\/\/monaliya.com\/?page_id=5755","title":{"rendered":"Mentions l\u00e9gales"},"content":{"rendered":"<div class=\"wpb-content-wrapper\"><p>[vc_row][vc_column offset=\u00a0\u00bbvc_col-lg-6 vc_col-md-6&Prime;][vc_empty_space][vc_column_text css=\u00a0\u00bb\u00a0\u00bb]<strong>\u00c9diteur du Site :<\/strong><\/p>\n<ul>\n<li>Nom de l&rsquo;entreprise : Monaliya Services<\/li>\n<li>Forme juridique : Soci\u00e9t\u00e9 individuelle<\/li>\n<li>Si\u00e8ge social : Route de King Fadh Place<\/li>\n<li>T\u00e9l\u00e9phone : 00 221 77 796 88 41<\/li>\n<li>Email : contact@monaliya.com<\/li>\n<li>Directeur de publication : Elimane Mbaye (Responsable du projet)<\/li>\n<li>Num\u00e9ro d&rsquo;immatriculation au registre du commerce : SN.DKR.2025.A.12814<\/li>\n<li>NINEA : 0120406141Y1<\/li>\n<\/ul>\n<p><strong>H\u00e9bergeur du Site :<\/strong><\/p>\n<ul>\n<li>Nom de l&rsquo;h\u00e9bergeur : Pulse S\u00e9n\u00e9gal<\/li>\n<li>Si\u00e8ge social de l&rsquo;h\u00e9bergeur : [Adresse compl\u00e8te de l&rsquo;h\u00e9bergeur]<\/li>\n<li>T\u00e9l\u00e9phone : [Num\u00e9ro de t\u00e9l\u00e9phone de l&rsquo;h\u00e9bergeur]<\/li>\n<li>Email : <a href=\"mailto:contact-pulse@pulse.sn\" target=\"_blank\" rel=\"noopener\">contact-pulse@pulse.sn<\/a><\/li>\n<\/ul>\n<p><strong>Conditions G\u00e9n\u00e9rales d&rsquo;Utilisation (CGU) :<\/strong><br \/>\nL&rsquo;utilisation de la plateforme Monaliya Services implique l&rsquo;acceptation pleine et enti\u00e8re des conditions g\u00e9n\u00e9rales d&rsquo;utilisation (CGU) d\u00e9taill\u00e9es dans le document accessible sur le site. Ces conditions sont susceptibles d\u2019\u00eatre modifi\u00e9es \u00e0 tout moment, sans pr\u00e9avis. L&rsquo;utilisateur s&rsquo;engage donc \u00e0 les consulter r\u00e9guli\u00e8rement.<\/p>\n<p><strong>Propri\u00e9t\u00e9 Intellectuelle :<\/strong><br \/>\nTous les \u00e9l\u00e9ments graphiques, textes, logos, images, vid\u00e9os, ainsi que la structure<br \/>\ng\u00e9n\u00e9rale du site sont la propri\u00e9t\u00e9 exclusive de Monaliya Service, sauf mention<br \/>\ncontraire. Toute reproduction, modification, distribution ou utilisation non autoris\u00e9e<br \/>\nde ces contenus sans l&rsquo;accord pr\u00e9alable et \u00e9crit de Monaliya Service est strictement interdite et pourra faire l&rsquo;objet de poursuites judiciaires.<\/p>\n<p>&nbsp;<\/p>\n<p><strong><span style=\"color: #00abc9;\">Nous nous consid\u00e9rons comme un groupe tourn\u00e9 vers l\u2019avenir, compos\u00e9 de professionnels passionn\u00e9s poss\u00e9dant l\u2019exp\u00e9rience pertinente.<\/span><\/strong>[\/vc_column_text][\/vc_column][vc_column offset=\u00a0\u00bbvc_col-lg-6 vc_col-md-6&Prime;][vc_empty_space][vc_column_text css=\u00a0\u00bb\u00a0\u00bb]<strong>Protection des Donn\u00e9es Personnelles :<\/strong><br \/>\nMonaliya Service accorde une importance particuli\u00e8re \u00e0 la protection des donn\u00e9es<br \/>\npersonnelles de ses utilisateurs. Pour plus de d\u00e9tails sur la collecte, l\u2019utilisation, et la protection de vos donn\u00e9es, veuillez consulter notre [Politique de Confidentialit\u00e9] (lien vers la politique de confidentialit\u00e9).<br \/>\nConform\u00e9ment \u00e0 la loi sur la protection des donn\u00e9es personnelles, chaque utilisateur dispose d&rsquo;un droit d&rsquo;acc\u00e8s, de rectification, d&rsquo;effacement et de portabilit\u00e9 de ses donn\u00e9es. Pour exercer ce droit, veuillez nous contacter \u00e0 l\u2019adresse suivante :<\/p>\n<p>Route de King Fadh Place<\/p>\n<p>contact@monaliya.com<\/p>\n<p><strong>Limitation de Responsabilit\u00e9 :<\/strong><br \/>\nMonaliya Service s&rsquo;efforce de fournir des informations aussi pr\u00e9cises que possible.<br \/>\nCependant, l&rsquo;entreprise ne peut \u00eatre tenue responsable des omissions, des<br \/>\ninexactitudes ou des carences dans la mise \u00e0 jour, qu&rsquo;elles soient de son fait ou du fait de tiers.<br \/>\nMonaliya Service ne pourra \u00eatre tenue responsable des dommages directs ou indirects caus\u00e9s au mat\u00e9riel de l&rsquo;utilisateur lors de l&rsquo;acc\u00e8s au site, ni des dommages cons\u00e9cutifs \u00e0 l&rsquo;utilisation du site (interruption du service, virus, etc.).<\/p>\n<p><strong>Liens Hypertextes :<\/strong><br \/>\nLe site peut contenir des liens hypertextes vers d&rsquo;autres sites web. Monaliya Services d\u00e9cline toute responsabilit\u00e9 quant au contenu de ces sites externes, lesquels sont soumis \u00e0 leurs propres politiques de confidentialit\u00e9 et conditions d&rsquo;utilisation.<\/p>\n<p><strong>Droit Applicable :<\/strong><br \/>\nLes pr\u00e9sentes mentions l\u00e9gales sont r\u00e9gies par le droit s\u00e9n\u00e9galais. En cas de litige, les tribunaux comp\u00e9tents seront ceux du si\u00e8ge social de Monaliya Services.<\/p>\n<p><strong>Contact :<\/strong><br \/>\nPour toute question concernant les mentions l\u00e9gales, vous pouvez nous contacter\u00a0 \u00e0 :<\/p>\n<ul>\n<li>Adresse postale : Route de King Fadh Place<\/li>\n<li>Email : contact@monaliya.com<\/li>\n<li>T\u00e9l\u00e9phone : 00 221 77 796 88 41<\/li>\n<\/ul>\n<p>[\/vc_column_text][\/vc_column][\/vc_row]<\/p>\n<\/div>","protected":false},"excerpt":{"rendered":"<p>[vc_row][vc_column offset=\u00a0\u00bbvc_col-lg-6 vc_col-md-6&Prime;][vc_empty_space][vc_column_text css=\u00a0\u00bb\u00a0\u00bb]\u00c9diteur du Site : Nom de l&rsquo;entreprise : Monaliya Services Forme juridique : Soci\u00e9t\u00e9 individuelle Si\u00e8ge social : Route de King Fadh Place T\u00e9l\u00e9phone : 00 221 77 796 88 41 Email : contact@monaliya.com Directeur de publication : Elimane Mbaye (Responsable du projet) Num\u00e9ro d&rsquo;immatriculation au registre du commerce : SN.DKR.2025.A.12814 NINEA &hellip; <br \/><a href=\"https:\/\/monaliya.com\/?page_id=5755\" class=\"more-link\">Continue reading <span class=\"screen-reader-text\">Mentions l\u00e9gales<\/span><\/a><\/p>\n","protected":false},"author":1,"featured_media":0,"parent":0,"menu_order":0,"comment_status":"closed","ping_status":"closed","template":"","meta":{"om_disable_all_campaigns":false,"_monsterinsights_skip_tracking":false,"_monsterinsights_sitenote_active":false,"_monsterinsights_sitenote_note":"","_monsterinsights_sitenote_category":0,"footnotes":""},"class_list":["post-5755","page","type-page","status-publish","hentry"],"aioseo_notices":[],"_links":{"self":[{"href":"https:\/\/monaliya.com\/index.php?rest_route=\/wp\/v2\/pages\/5755","targetHints":{"allow":["GET"]}}],"collection":[{"href":"https:\/\/monaliya.com\/index.php?rest_route=\/wp\/v2\/pages"}],"about":[{"href":"https:\/\/monaliya.com\/index.php?rest_route=\/wp\/v2\/types\/page"}],"author":[{"embeddable":true,"href":"https:\/\/monaliya.com\/index.php?rest_route=\/wp\/v2\/users\/1"}],"replies":[{"embeddable":true,"href":"https:\/\/monaliya.com\/index.php?rest_route=%2Fwp%2Fv2%2Fcomments&post=5755"}],"version-history":[{"count":13,"href":"https:\/\/monaliya.com\/index.php?rest_route=\/wp\/v2\/pages\/5755\/revisions"}],"predecessor-version":[{"id":6137,"href":"https:\/\/monaliya.com\/index.php?rest_route=\/wp\/v2\/pages\/5755\/revisions\/6137"}],"wp:attachment":[{"href":"https:\/\/monaliya.com\/index.php?rest_route=%2Fwp%2Fv2%2Fmedia&parent=5755"}],"curies":[{"name":"wp","href":"https:\/\/api.w.org\/{rel}","templated":true}]}}