{"id":204,"date":"2017-08-31T08:30:52","date_gmt":"2017-08-31T08:30:52","guid":{"rendered":"https:\/\/demoapus.com\/apuslisting\/?page_id=204"},"modified":"2025-04-07T13:36:25","modified_gmt":"2025-04-07T11:36:25","slug":"contact","status":"publish","type":"page","link":"https:\/\/monaliya.com\/?page_id=204","title":{"rendered":"Contact"},"content":{"rendered":"<div class=\"wpb-content-wrapper\"><p>[vc_row full_width=\u00a0\u00bbstretch_row_content\u00a0\u00bb equal_height=\u00a0\u00bbyes\u00a0\u00bb content_placement=\u00a0\u00bbmiddle\u00a0\u00bb css=\u00a0\u00bb.vc_custom_1736778447973{background-color: #f8f8f8 !important;}\u00a0\u00bb][vc_column width=\u00a0\u00bb1\/2&Prime; css=\u00a0\u00bb.vc_custom_1736778433828{border-color: #ffffff !important;}\u00a0\u00bb][vc_gmaps link=\u00a0\u00bb#E-8_JTNDaWZyYW1lJTIwc3JjJTNEJTIyaHR0cHMlM0ElMkYlMkZ3d3cuZ29vZ2xlLmNvbSUyRm1hcHMlMkZlbWJlZCUzRnBiJTNEJTIxMW0xOCUyMTFtMTIlMjExbTMlMjExZDYxMTcuODkwMjU5OTgzNjExJTIxMmQtMTcuNTIwMTE2OTEwMzc0MjE3JTIxM2QxNC43NDE3MTg3NzkxNDI5MjElMjEybTMlMjExZjAlMjEyZjAlMjEzZjAlMjEzbTIlMjExaTEwMjQlMjEyaTc2OCUyMTRmMTMuMSUyMTNtMyUyMTFtMiUyMTFzMHhlYzExMmM2MDgzMTRlNmQlMjUzQTB4YmZhMTNjNmQ5ZjBkYWU2YSUyMTJzUnRlJTI1MjBkZSUyNTIwS2luZyUyNTIwRmFoZCUyNTJDJTI1MjBEYWthciUyMTVlMCUyMTNtMiUyMTFzZnIlMjEyc3NuJTIxNHYxNzQyOTgzMTg1NDg2JTIxNW0yJTIxMXNmciUyMTJzc24lMjIlMjB3aWR0aCUzRCUyMjYwMCUyMiUyMGhlaWdodCUzRCUyMjQ1MCUyMiUyMHN0eWxlJTNEJTIyYm9yZGVyJTNBMCUzQiUyMiUyMGFsbG93ZnVsbHNjcmVlbiUzRCUyMiUyMiUyMGxvYWRpbmclM0QlMjJsYXp5JTIyJTIwcmVmZXJyZXJwb2xpY3klM0QlMjJuby1yZWZlcnJlci13aGVuLWRvd25ncmFkZSUyMiUzRSUzQyUyRmlmcmFtZSUzRQ==\u00a0\u00bb size=\u00a0\u00bb750&Prime; css=\u00a0\u00bb.vc_custom_1742983207171{margin-top: -90px !important;background-color: #f7f7f7 !important;border-color: #ffffff !important;}\u00a0\u00bb][\/vc_column][vc_column width=\u00a0\u00bb1\/2&Prime;][vc_empty_space height=\u00a0\u00bb36px\u00a0\u00bb]\n<div class=\"wpcf7 no-js\" id=\"wpcf7-f5666-o1\" lang=\"fr-FR\" dir=\"ltr\" data-wpcf7-id=\"5666\">\n<div class=\"screen-reader-response\"><p role=\"status\" aria-live=\"polite\" aria-atomic=\"true\"><\/p> <ul><\/ul><\/div>\n<form action=\"\/index.php?rest_route=%2Fwp%2Fv2%2Fpages%2F204#wpcf7-f5666-o1\" method=\"post\" class=\"wpcf7-form init\" aria-label=\"Formulaire de contact\" novalidate=\"novalidate\" data-status=\"init\">\n<div style=\"display: none;\">\n<input type=\"hidden\" name=\"_wpcf7\" value=\"5666\" \/>\n<input type=\"hidden\" name=\"_wpcf7_version\" value=\"6.0.4\" \/>\n<input type=\"hidden\" name=\"_wpcf7_locale\" value=\"fr_FR\" \/>\n<input type=\"hidden\" name=\"_wpcf7_unit_tag\" value=\"wpcf7-f5666-o1\" \/>\n<input type=\"hidden\" name=\"_wpcf7_container_post\" value=\"0\" \/>\n<input type=\"hidden\" name=\"_wpcf7_posted_data_hash\" value=\"\" \/>\n<\/div>\n<!-- HTML pour Contact Form 7 -->\n<div class=\"modern-form\">\n\t<div class=\"form-group\">\n\t\t<p><label class=\"form-label\"><br \/>\n<span class=\"label-text\">Votre nom<\/span><br \/>\n<span class=\"wpcf7-form-control-wrap\" data-name=\"your-name\"><input size=\"40\" maxlength=\"400\" class=\"wpcf7-form-control wpcf7-text wpcf7-validates-as-required form-input\" autocomplete=\"name\" aria-required=\"true\" aria-invalid=\"false\" placeholder=\"Elimane Mbaye\" value=\"\" type=\"text\" name=\"your-name\" \/><\/span><br \/>\n<\/label>\n\t\t<\/p>\n\t<\/div>\n\t<div class=\"form-group\">\n\t\t<p><label class=\"form-label\"><br \/>\n<span class=\"label-text\">Votre e-mail<\/span><br \/>\n<span class=\"wpcf7-form-control-wrap\" data-name=\"your-email\"><input size=\"40\" maxlength=\"400\" class=\"wpcf7-form-control wpcf7-email wpcf7-validates-as-required wpcf7-text wpcf7-validates-as-email form-input\" autocomplete=\"email\" aria-required=\"true\" aria-invalid=\"false\" placeholder=\"exemple@email.com\" value=\"\" type=\"email\" name=\"your-email\" \/><\/span><br \/>\n<\/label>\n\t\t<\/p>\n\t<\/div>\n\t<div class=\"form-group\">\n\t\t<p><label class=\"form-label\"><br \/>\n<span class=\"label-text\">Objet<\/span><br \/>\n<span class=\"wpcf7-form-control-wrap\" data-name=\"your-subject\"><input size=\"40\" maxlength=\"400\" class=\"wpcf7-form-control wpcf7-text wpcf7-validates-as-required form-input\" aria-required=\"true\" aria-invalid=\"false\" placeholder=\"Sujet de votre message\" value=\"\" type=\"text\" name=\"your-subject\" \/><\/span><br \/>\n<\/label>\n\t\t<\/p>\n\t<\/div>\n\t<div class=\"form-group\">\n\t\t<p><label class=\"form-label\"><br \/>\n<span class=\"label-text\">Votre message<\/span><br \/>\n<span class=\"wpcf7-form-control-wrap\" data-name=\"your-message\"><textarea cols=\"40\" rows=\"10\" maxlength=\"2000\" class=\"wpcf7-form-control wpcf7-textarea form-textarea\" aria-invalid=\"false\" placeholder=\"\u00c9crivez votre message ici...\" name=\"your-message\"><\/textarea><\/span><br \/>\n<\/label>\n\t\t<\/p>\n\t<\/div>\n\t<div class=\"form-submit\">\n\t\t<p><input class=\"wpcf7-form-control wpcf7-submit has-spinner submit-button\" type=\"submit\" value=\"Envoyer\" \/>\n\t\t<\/p>\n\t<\/div>\n<\/div>\n\n<!-- CSS \u00e0 ajouter dans l'\u00e9diteur de style de Contact Form 7 ou dans votre th\u00e8me -->\n<style>\n.modern-form {\n max-width: 600px;\n margin: 0 auto;\n padding: 2rem;\n background: #ffffff;\n border-radius: 12px;\n box-shadow: 0 4px 6px rgba(0, 0, 0, 0.05);\n}\n\n.form-group {\n margin-bottom: 1.5rem;\n}\n\n.form-label {\n display: block;\n margin-bottom: 0.5rem;\n}\n\n.label-text {\n display: block;\n margin-bottom: 0.5rem;\n font-size: 0.95rem;\n font-weight: 500;\n color: #374151;\n}\n\n.form-input,\n.form-textarea {\n width: 100%;\n padding: 0.75rem 1rem;\n border: 2px solid #e5e7eb;\n border-radius: 8px;\n font-size: 1rem;\n transition: all 0.3s ease;\n background: #f9fafb;\n}\n\n.form-input:focus,\n.form-textarea:focus {\n outline: none;\n border-color: #3b82f6;\n background: #ffffff;\n box-shadow: 0 0 0 3px rgba(59, 130, 246, 0.1);\n}\n\n.form-textarea {\n min-height: 120px;\n resize: vertical;\n}\n\n.form-submit {\n text-align: center;\n margin-top: 2rem;\n}\n\n.submit-button {\n background: #3b82f6;\n color: #ffffff;\n padding: 0.75rem 2rem;\n border: none;\n border-radius: 8px;\n font-size: 1rem;\n font-weight: 500;\n cursor: pointer;\n transition: all 0.3s ease;\n}\n\n.submit-button:hover {\n background: #2563eb;\n transform: translateY(-1px);\n}\n\n.submit-button:active {\n transform: translateY(0);\n}\n\n\/* Style des messages d'erreur *\/\n.wpcf7-not-valid-tip {\n color: #ef4444;\n font-size: 0.875rem;\n margin-top: 0.25rem;\n}\n\n.wpcf7-response-output {\n margin: 2rem 0;\n padding: 1rem;\n border-radius: 8px;\n text-align: center;\n}\n\n\/* Animation de chargement *\/\n.ajax-loader {\n margin-left: 1rem;\n}\n\n\/* Style responsive *\/\n@media (max-width: 640px) {\n .modern-form {\n padding: 1.5rem;\n }\n\n .submit-button {\n width: 100%;\n }\n}\n<\/style><div class=\"wpcf7-response-output\" aria-hidden=\"true\"><\/div>\n<\/form>\n<\/div>\n[vc_empty_space height=\u00a0\u00bb50px\u00a0\u00bb][vc_row_inner][vc_column_inner width=\u00a0\u00bb1\/12&Prime;][\/vc_column_inner][vc_column_inner width=\u00a0\u00bb10\/12&Prime;][apus_features_box items=\u00a0\u00bb%5B%7B%22description%22%3A%22Route%20de%20King%20Fadh%20Place%22%2C%22icon%22%3A%22icon-address%22%7D%2C%7B%22description%22%3A%22Lun.%20-%20Dim.%2024%20%2F%207%22%2C%22icon%22%3A%22icon-time%22%7D%2C%7B%22description%22%3A%2200%20221%2077%20796%2088%2041%22%2C%22icon%22%3A%22icon-phone-call%22%7D%5D\u00a0\u00bb columns=\u00a0\u00bb3&Prime; style=\u00a0\u00bbstyle-icon\u00a0\u00bb][\/vc_column_inner][vc_column_inner width=\u00a0\u00bb1\/12&Prime;][\/vc_column_inner][\/vc_row_inner][\/vc_column][\/vc_row]<\/p>\n<\/div>","protected":false},"excerpt":{"rendered":"<p>[vc_row full_width=\u00a0\u00bbstretch_row_content\u00a0\u00bb equal_height=\u00a0\u00bbyes\u00a0\u00bb content_placement=\u00a0\u00bbmiddle\u00a0\u00bb css=\u00a0\u00bb.vc_custom_1736778447973{background-color: #f8f8f8 !important;}\u00a0\u00bb][vc_column width=\u00a0\u00bb1\/2&Prime; css=\u00a0\u00bb.vc_custom_1736778433828{border-color: #ffffff !important;}\u00a0\u00bb][vc_gmaps link=\u00a0\u00bb#E-8_JTNDaWZyYW1lJTIwc3JjJTNEJTIyaHR0cHMlM0ElMkYlMkZ3d3cuZ29vZ2xlLmNvbSUyRm1hcHMlMkZlbWJlZCUzRnBiJTNEJTIxMW0xOCUyMTFtMTIlMjExbTMlMjExZDYxMTcuODkwMjU5OTgzNjExJTIxMmQtMTcuNTIwMTE2OTEwMzc0MjE3JTIxM2QxNC43NDE3MTg3NzkxNDI5MjElMjEybTMlMjExZjAlMjEyZjAlMjEzZjAlMjEzbTIlMjExaTEwMjQlMjEyaTc2OCUyMTRmMTMuMSUyMTNtMyUyMTFtMiUyMTFzMHhlYzExMmM2MDgzMTRlNmQlMjUzQTB4YmZhMTNjNmQ5ZjBkYWU2YSUyMTJzUnRlJTI1MjBkZSUyNTIwS2luZyUyNTIwRmFoZCUyNTJDJTI1MjBEYWthciUyMTVlMCUyMTNtMiUyMTFzZnIlMjEyc3NuJTIxNHYxNzQyOTgzMTg1NDg2JTIxNW0yJTIxMXNmciUyMTJzc24lMjIlMjB3aWR0aCUzRCUyMjYwMCUyMiUyMGhlaWdodCUzRCUyMjQ1MCUyMiUyMHN0eWxlJTNEJTIyYm9yZGVyJTNBMCUzQiUyMiUyMGFsbG93ZnVsbHNjcmVlbiUzRCUyMiUyMiUyMGxvYWRpbmclM0QlMjJsYXp5JTIyJTIwcmVmZXJyZXJwb2xpY3klM0QlMjJuby1yZWZlcnJlci13aGVuLWRvd25ncmFkZSUyMiUzRSUzQyUyRmlmcmFtZSUzRQ==\u00a0\u00bb size=\u00a0\u00bb750&Prime; css=\u00a0\u00bb.vc_custom_1742983207171{margin-top: -90px !important;background-color: #f7f7f7 !important;border-color: #ffffff !important;}\u00a0\u00bb][\/vc_column][vc_column width=\u00a0\u00bb1\/2&Prime;][vc_empty_space height=\u00a0\u00bb36px\u00a0\u00bb][vc_empty_space height=\u00a0\u00bb50px\u00a0\u00bb][vc_row_inner][vc_column_inner width=\u00a0\u00bb1\/12&Prime;][\/vc_column_inner][vc_column_inner width=\u00a0\u00bb10\/12&Prime;][apus_features_box items=\u00a0\u00bb%5B%7B%22description%22%3A%22Route%20de%20King%20Fadh%20Place%22%2C%22icon%22%3A%22icon-address%22%7D%2C%7B%22description%22%3A%22Lun.%20-%20Dim.%2024%20%2F%207%22%2C%22icon%22%3A%22icon-time%22%7D%2C%7B%22description%22%3A%2200%20221%2077%20796%2088%2041%22%2C%22icon%22%3A%22icon-phone-call%22%7D%5D\u00a0\u00bb columns=\u00a0\u00bb3&Prime; style=\u00a0\u00bbstyle-icon\u00a0\u00bb][\/vc_column_inner][vc_column_inner width=\u00a0\u00bb1\/12&Prime;][\/vc_column_inner][\/vc_row_inner][\/vc_column][\/vc_row]<\/p>\n","protected":false},"author":1,"featured_media":0,"parent":0,"menu_order":0,"comment_status":"closed","ping_status":"closed","template":"","meta":{"om_disable_all_campaigns":false,"_monsterinsights_skip_tracking":false,"_monsterinsights_sitenote_active":false,"_monsterinsights_sitenote_note":"","_monsterinsights_sitenote_category":0,"footnotes":""},"class_list":["post-204","page","type-page","status-publish","hentry"],"aioseo_notices":[],"_links":{"self":[{"href":"https:\/\/monaliya.com\/index.php?rest_route=\/wp\/v2\/pages\/204","targetHints":{"allow":["GET"]}}],"collection":[{"href":"https:\/\/monaliya.com\/index.php?rest_route=\/wp\/v2\/pages"}],"about":[{"href":"https:\/\/monaliya.com\/index.php?rest_route=\/wp\/v2\/types\/page"}],"author":[{"embeddable":true,"href":"https:\/\/monaliya.com\/index.php?rest_route=\/wp\/v2\/users\/1"}],"replies":[{"embeddable":true,"href":"https:\/\/monaliya.com\/index.php?rest_route=%2Fwp%2Fv2%2Fcomments&post=204"}],"version-history":[{"count":28,"href":"https:\/\/monaliya.com\/index.php?rest_route=\/wp\/v2\/pages\/204\/revisions"}],"predecessor-version":[{"id":6190,"href":"https:\/\/monaliya.com\/index.php?rest_route=\/wp\/v2\/pages\/204\/revisions\/6190"}],"wp:attachment":[{"href":"https:\/\/monaliya.com\/index.php?rest_route=%2Fwp%2Fv2%2Fmedia&parent=204"}],"curies":[{"name":"wp","href":"https:\/\/api.w.org\/{rel}","templated":true}]}}