{"id":176,"date":"2017-08-31T07:13:26","date_gmt":"2017-08-31T07:13:26","guid":{"rendered":"https:\/\/demoapus.com\/apuslisting\/?page_id=176"},"modified":"2025-04-02T14:40:00","modified_gmt":"2025-04-02T12:40:00","slug":"about-us","status":"publish","type":"page","link":"https:\/\/monaliya.com\/?page_id=176","title":{"rendered":"\u00c0 Propos"},"content":{"rendered":"<div class=\"wpb-content-wrapper\"><p>[vc_row css=\u00a0\u00bb.vc_custom_1734954860983{margin-top: -245px !important;background-color: #ffffff !important;}\u00a0\u00bb][vc_column width=\u00a0\u00bb1\/2&Prime;][vc_column_text css=\u00a0\u00bb.vc_custom_1736759451501{margin-top: 30px !important;}\u00a0\u00bb]Fond\u00e9e en 2024, <strong>MONALIYA<\/strong> est une plateforme de consultance en ligne d\u00e9di\u00e9e \u00e0 mettre en relation des professionnels de divers secteurs avec des entreprises et des particuliers \u00e0 la recherche d&rsquo;expertise pratique. Que vous ayez besoin d&rsquo;un ma\u00e7on, menuisier, m\u00e9canicien, \u00e9lectricien, d\u00e9panneur, informaticien, ou tout autre sp\u00e9cialiste, notre mission est de simplifier et d&rsquo;optimiser le processus de consultance en fournissant une interface intuitive, des fonctionnalit\u00e9s avanc\u00e9es et un support complet pour les deux parties.<\/p>\n<p>Nous nous engageons \u00e0 offrir des services de haute qualit\u00e9 bas\u00e9s sur l&rsquo;int\u00e9grit\u00e9, l&rsquo;innovation et l&rsquo;excellence. Notre objectif est de cr\u00e9er une communaut\u00e9 dynamique de consultants et de clients qui b\u00e9n\u00e9ficient mutuellement de leurs interactions.[\/vc_column_text][vc_custom_heading text=\u00a0\u00bbNotre \u00e9quipe\u00a0\u00bb font_container=\u00a0\u00bbtag:h2|text_align:left|color:%23c0c0c0&Prime; use_theme_fonts=\u00a0\u00bbyes\u00a0\u00bb css=\u00a0\u00bb.vc_custom_1735861027628{margin-top: 0px !important;margin-bottom: 30px !important;}\u00a0\u00bb][vc_column_text css=\u00a0\u00bb\u00a0\u00bb]Dirig\u00e9e par Elimane Mbaye, notre \u00e9quipe est compos\u00e9e de professionnels passionn\u00e9s et exp\u00e9riment\u00e9s dans les domaines de la technologie, du marketing, et de la consultance. Nous travaillons ensemble pour garantir que notre plateforme r\u00e9pond aux besoins changeants du march\u00e9 et fournit une exp\u00e9rience utilisateur exceptionnelle.[\/vc_column_text][vc_custom_heading text=\u00a0\u00bbNotre vision\u00a0\u00bb font_container=\u00a0\u00bbtag:h2|text_align:left|color:%23c0c0c0&Prime; use_theme_fonts=\u00a0\u00bbyes\u00a0\u00bb css=\u00a0\u00bb.vc_custom_1735861131531{margin-top: 0px !important;margin-bottom: 30px !important;}\u00a0\u00bb][vc_column_text css=\u00a0\u00bb\u00a0\u00bb]Nous croyons en un avenir o\u00f9 la consultance est accessible \u00e0 tous, o\u00f9 les entreprises et les particuliers peuvent facilement trouver l&rsquo;expertise dont ils ont besoin pour leurs projets quotidiens, et o\u00f9 les consultants peuvent maximiser leur potentiel en atteignant une client\u00e8le plus large.[\/vc_column_text][vc_custom_heading text=\u00a0\u00bbContactez-nous\u00a0\u00bb font_container=\u00a0\u00bbtag:h2|text_align:left|color:%23c0c0c0&Prime; use_theme_fonts=\u00a0\u00bbyes\u00a0\u00bb css=\u00a0\u00bb.vc_custom_1735861175925{margin-top: 0px !important;margin-bottom: 30px !important;}\u00a0\u00bb][vc_column_text css=\u00a0\u00bb\u00a0\u00bb]Adresse : Route de King Fadh Place<\/p>\n<p>Email : elimane.mbaye@monaliya.com<\/p>\n<p>T\u00e9l\u00e9phone : <b>00 221 77 796 88 41<\/b><\/p>\n<p>Rejoignez-nous d\u00e8s aujourd&rsquo;hui et commencez votre parcours vers le succ\u00e8s avec <strong>MONALIYA SERVICES<\/strong>[\/vc_column_text][\/vc_column][vc_column width=\u00a0\u00bb1\/2&Prime;][vc_single_image image=\u00a0\u00bb181&Prime; img_size=\u00a0\u00bbfull\u00a0\u00bb alignment=\u00a0\u00bbcenter\u00a0\u00bb css=\u00a0\u00bb.vc_custom_1504164780961{margin-bottom: 0px !important;}\u00a0\u00bb][vc_single_image image=\u00a0\u00bb5644&Prime; img_size=\u00a0\u00bb1200 px\u00a0\u00bb css=\u00a0\u00bb\u00a0\u00bb][vc_column_text css=\u00a0\u00bb\u00a0\u00bb]Fond\u00e9e en 2024, MONALIYA a \u00a0pour mission de faciliter la mise en relation entre professionnels de divers m\u00e9tiers et leurs clients. Avec une \u00e9quipe passionn\u00e9e et exp\u00e9riment\u00e9e, nous nous engageons \u00e0 offrir des solutions de consultance de haute qualit\u00e9 adapt\u00e9es aux besoins vari\u00e9s de nos utilisateurs.<\/p>\n<p><em><strong>Elimane Mbaye, Chief Executive Officer<\/strong><\/em>[\/vc_column_text][\/vc_column][vc_column][\/vc_column][\/vc_row][vc_row full_width=\u00a0\u00bbstretch_row\u00a0\u00bb css=\u00a0\u00bb.vc_custom_1504165696546{background-color: #f8f8f8 !important;}\u00a0\u00bb][vc_column css=\u00a0\u00bb.vc_custom_1504165703466{padding-top: 0px !important;padding-bottom: 0px !important;}\u00a0\u00bb][vc_empty_space height=\u00a0\u00bb50px\u00a0\u00bb][apus_title_heading title=\u00a0\u00bbComment \u00e7a marche\u00a0\u00bb descript=\u00a0\u00bbRecherchez et trouvez ce que vous cherchez. Les meilleurs spots sont l\u00e0 pour vous.\u00a0\u00bb style=\u00a0\u00bbdefault\u00a0\u00bb][vc_empty_space height=\u00a0\u00bb30px\u00a0\u00bb][apus_features_box items=\u00a0\u00bb%5B%7B%22title%22%3A%22Trouver%20un%20professionnel%20proche%22%2C%22description%22%3A%22Trouver%20les%20meilleurs%20professionnels%20proches%20de%20vous%22%2C%22image%22%3A%22831%22%7D%2C%7B%22title%22%3A%22Choisissez%20une%20cat%C3%A9gorie%22%2C%22description%22%3A%22S%C3%A9lectionnez%20la%20cat%C3%A9gorie%20qui%20vous%20int%C3%A9resse%20et%20publier%20ou%20recherche%20une%20offre%20%20%22%2C%22image%22%3A%2287%22%7D%2C%7B%22title%22%3A%22Trouver%20des%20places%20id%C3%A9ales%22%2C%22description%22%3A%22Trouver%20des%20places%20id%C3%A9ales%20pour%20votre%20businness%20ou%20votre%20offre%22%2C%22image%22%3A%2288%22%7D%5D\u00a0\u00bb columns=\u00a0\u00bb3&Prime; style=\u00a0\u00bbstyle-small\u00a0\u00bb][vc_empty_space height=\u00a0\u00bb30px\u00a0\u00bb][vc_empty_space height=\u00a0\u00bb30px\u00a0\u00bb][\/vc_column][\/vc_row][vc_row][vc_column][vc_empty_space height=\u00a0\u00bb30px\u00a0\u00bb][vc_empty_space height=\u00a0\u00bb30px\u00a0\u00bb][\/vc_column][\/vc_row][vc_row][vc_column offset=\u00a0\u00bbvc_col-lg-6 vc_col-md-6&Prime;][apus_video video_link=\u00a0\u00bbhttps:\/\/www.youtube.com\/watch?v=1S-dxOUBYWQ\u00a0\u00bb image_bg=\u00a0\u00bb5774&Prime;][\/vc_column][vc_column offset=\u00a0\u00bbvc_col-lg-6 vc_col-md-6&Prime;][vc_custom_heading text=\u00a0\u00bbLes gens parlent de nous\u00a0\u00bb font_container=\u00a0\u00bbtag:h2|font_size:36px|text_align:center|color:%23c0c0c0&Prime; use_theme_fonts=\u00a0\u00bbyes\u00a0\u00bb css=\u00a0\u00bb.vc_custom_1726124434912{margin-top: 40px !important;margin-bottom: 35px !important;}\u00a0\u00bb][apus_testimonials columns=\u00a0\u00bb1&Prime;][\/vc_column][\/vc_row][vc_row][vc_column][vc_empty_space height=\u00a0\u00bb30px\u00a0\u00bb][vc_empty_space height=\u00a0\u00bb30px\u00a0\u00bb][\/vc_column][\/vc_row]<\/p>\n<\/div>","protected":false},"excerpt":{"rendered":"<p>[vc_row css=\u00a0\u00bb.vc_custom_1734954860983{margin-top: -245px !important;background-color: #ffffff !important;}\u00a0\u00bb][vc_column width=\u00a0\u00bb1\/2&Prime;][vc_column_text css=\u00a0\u00bb.vc_custom_1736759451501{margin-top: 30px !important;}\u00a0\u00bb]Fond\u00e9e en 2024, MONALIYA est une plateforme de consultance en ligne d\u00e9di\u00e9e \u00e0 mettre en relation des professionnels de divers secteurs avec des entreprises et des particuliers \u00e0 la recherche d&rsquo;expertise pratique. Que vous ayez besoin d&rsquo;un ma\u00e7on, menuisier, m\u00e9canicien, \u00e9lectricien, d\u00e9panneur, informaticien, ou tout autre &hellip; <br \/><a href=\"https:\/\/monaliya.com\/?page_id=176\" class=\"more-link\">Continue reading <span class=\"screen-reader-text\">\u00c0 Propos<\/span><\/a><\/p>\n","protected":false},"author":1,"featured_media":0,"parent":0,"menu_order":0,"comment_status":"closed","ping_status":"closed","template":"","meta":{"om_disable_all_campaigns":false,"_monsterinsights_skip_tracking":false,"_monsterinsights_sitenote_active":false,"_monsterinsights_sitenote_note":"","_monsterinsights_sitenote_category":0,"footnotes":""},"class_list":["post-176","page","type-page","status-publish","hentry"],"aioseo_notices":[],"_links":{"self":[{"href":"https:\/\/monaliya.com\/index.php?rest_route=\/wp\/v2\/pages\/176","targetHints":{"allow":["GET"]}}],"collection":[{"href":"https:\/\/monaliya.com\/index.php?rest_route=\/wp\/v2\/pages"}],"about":[{"href":"https:\/\/monaliya.com\/index.php?rest_route=\/wp\/v2\/types\/page"}],"author":[{"embeddable":true,"href":"https:\/\/monaliya.com\/index.php?rest_route=\/wp\/v2\/users\/1"}],"replies":[{"embeddable":true,"href":"https:\/\/monaliya.com\/index.php?rest_route=%2Fwp%2Fv2%2Fcomments&post=176"}],"version-history":[{"count":41,"href":"https:\/\/monaliya.com\/index.php?rest_route=\/wp\/v2\/pages\/176\/revisions"}],"predecessor-version":[{"id":6157,"href":"https:\/\/monaliya.com\/index.php?rest_route=\/wp\/v2\/pages\/176\/revisions\/6157"}],"wp:attachment":[{"href":"https:\/\/monaliya.com\/index.php?rest_route=%2Fwp%2Fv2%2Fmedia&parent=176"}],"curies":[{"name":"wp","href":"https:\/\/api.w.org\/{rel}","templated":true}]}}